{"id":31,"date":"2019-11-11T16:26:30","date_gmt":"2019-11-11T16:26:30","guid":{"rendered":"http:\/\/www.ctc2018.cl\/?page_id=31"},"modified":"2019-11-17T18:02:37","modified_gmt":"2019-11-17T18:02:37","slug":"farmacia-popular","status":"publish","type":"page","link":"https:\/\/www.confederaciondelcobre.cl\/index.php\/farmacia-popular\/","title":{"rendered":"Farmacia Popular"},"content":{"rendered":"\n<figure class=\"wp-block-image is-resized\"><img loading=\"lazy\" decoding=\"async\" src=\"https:\/\/www.ctc2018.cl\/wp-content\/uploads\/2019\/11\/PortadaWebFPCTC-1024x512.jpg\" alt=\"\" class=\"wp-image-32\" width=\"690\" height=\"344\" srcset=\"https:\/\/www.confederaciondelcobre.cl\/wp-content\/uploads\/2019\/11\/PortadaWebFPCTC-1024x512.jpg 1024w, https:\/\/www.confederaciondelcobre.cl\/wp-content\/uploads\/2019\/11\/PortadaWebFPCTC-300x150.jpg 300w, https:\/\/www.confederaciondelcobre.cl\/wp-content\/uploads\/2019\/11\/PortadaWebFPCTC-768x384.jpg 768w, https:\/\/www.confederaciondelcobre.cl\/wp-content\/uploads\/2019\/11\/PortadaWebFPCTC.jpg 1200w\" sizes=\"auto, (max-width: 690px) 100vw, 690px\" \/><\/figure>\n\n\n\n<p><strong>PRONTO:<\/strong>&nbsp;convenio\nentre la Asociaci\u00f3n Chilena de Farmacias Populares (ACHIFARP) y la\nConfederaci\u00f3n de Trabajadores del Cobre (CTC), que ampl\u00eda el acceso a ayuda\nt\u00e9cnica y dispositivos m\u00e9dicos a precios mucho m\u00e1s bajos que los del mercado en\ngeneral,&nbsp;<strong>para trabajadoras y trabajadores contratistas y\nsubcontratistas afiliados a la CTC<\/strong>.<\/p>\n\n\n\n<ul class=\"wp-block-list\"><li>Si est\u00e1s interesado en alg\u00fan producto o dispositivo m\u00e9dico, como <strong>Sillas de ruedas, Monitores de presi\u00f3n arterial, una Cama cl\u00ednica el\u00e9ctrica o un Gluc\u00f3metro<\/strong>, entre muchos m\u00e1s, puedes escribirnos a <strong><em>fpctc@confecobre.cl<\/em><\/strong> y nos pondremos en contacto a la brevedad.<\/li><li>Cabe se\u00f1alar que <strong>los precios de los productos y dispositivos m\u00e9dicos est\u00e1n en torno a un 40% menos que en el comercio en general<\/strong>.<\/li><\/ul>\n","protected":false},"excerpt":{"rendered":"<p>PRONTO:&nbsp;convenio entre la Asociaci\u00f3n Chilena de Farmacias Populares (ACHIFARP) y la Confederaci\u00f3n de Trabajadores del Cobre (CTC), que ampl\u00eda el acceso a ayuda t\u00e9cnica y dispositivos m\u00e9dicos a precios mucho &hellip; <\/p>\n","protected":false},"author":1,"featured_media":0,"parent":0,"menu_order":0,"comment_status":"closed","ping_status":"closed","template":"","meta":{"jetpack_post_was_ever_published":false,"footnotes":""},"class_list":["post-31","page","type-page","status-publish","hentry"],"jetpack_sharing_enabled":true,"post_mailing_queue_ids":[],"_links":{"self":[{"href":"https:\/\/www.confederaciondelcobre.cl\/index.php\/wp-json\/wp\/v2\/pages\/31","targetHints":{"allow":["GET"]}}],"collection":[{"href":"https:\/\/www.confederaciondelcobre.cl\/index.php\/wp-json\/wp\/v2\/pages"}],"about":[{"href":"https:\/\/www.confederaciondelcobre.cl\/index.php\/wp-json\/wp\/v2\/types\/page"}],"author":[{"embeddable":true,"href":"https:\/\/www.confederaciondelcobre.cl\/index.php\/wp-json\/wp\/v2\/users\/1"}],"replies":[{"embeddable":true,"href":"https:\/\/www.confederaciondelcobre.cl\/index.php\/wp-json\/wp\/v2\/comments?post=31"}],"version-history":[{"count":4,"href":"https:\/\/www.confederaciondelcobre.cl\/index.php\/wp-json\/wp\/v2\/pages\/31\/revisions"}],"predecessor-version":[{"id":382,"href":"https:\/\/www.confederaciondelcobre.cl\/index.php\/wp-json\/wp\/v2\/pages\/31\/revisions\/382"}],"wp:attachment":[{"href":"https:\/\/www.confederaciondelcobre.cl\/index.php\/wp-json\/wp\/v2\/media?parent=31"}],"curies":[{"name":"wp","href":"https:\/\/api.w.org\/{rel}","templated":true}]}}